{"id":222,"date":"2025-01-20T14:48:20","date_gmt":"2025-01-20T13:48:20","guid":{"rendered":"https:\/\/www.cynthia-flich.com\/?page_id=222"},"modified":"2025-01-21T15:15:58","modified_gmt":"2025-01-21T14:15:58","slug":"por-que","status":"publish","type":"page","link":"https:\/\/prueba23.orbidi.online\/ca\/por-que\/","title":{"rendered":"\u00bfPor qu\u00e9?"},"content":{"rendered":"<div data-elementor-type=\"wp-page\" data-elementor-id=\"222\" class=\"elementor elementor-222\" data-elementor-post-type=\"page\">\n\t\t\t\t<div class=\"elementor-element elementor-element-8f5cb17 e-con-full e-flex e-con e-parent\" data-id=\"8f5cb17\" data-element_type=\"container\" data-settings=\"{&quot;background_background&quot;:&quot;classic&quot;}\">\n\t\t<div class=\"elementor-element elementor-element-0b74cbd e-con-full e-flex e-con e-child\" data-id=\"0b74cbd\" data-element_type=\"container\" data-settings=\"{&quot;background_background&quot;:&quot;classic&quot;}\">\n\t\t\t\t<div class=\"elementor-element elementor-element-777a7fe elementor-widget elementor-widget-heading\" data-id=\"777a7fe\" data-element_type=\"widget\" data-widget_type=\"heading.default\">\n\t\t\t\t<div class=\"elementor-widget-container\">\n\t\t\t\t\t<h1 class=\"elementor-heading-title elementor-size-default\">\u00bfPor qu\u00e9 tienes que empezar a proteger tu web?<\/h1>\t\t\t\t<\/div>\n\t\t\t\t<\/div>\n\t\t\t\t<div class=\"elementor-element elementor-element-fa1eb50 elementor-widget elementor-widget-heading\" data-id=\"fa1eb50\" data-element_type=\"widget\" data-widget_type=\"heading.default\">\n\t\t\t\t<div class=\"elementor-widget-container\">\n\t\t\t\t\t<span class=\"elementor-heading-title elementor-size-default\">Una web desactualizada te cuesta a futuro tiempo, dinero y reputaci\u00f3n<\/span>\t\t\t\t<\/div>\n\t\t\t\t<\/div>\n\t\t\t\t<div class=\"elementor-element elementor-element-1afc7b2 elementor-widget elementor-widget-text-editor\" data-id=\"1afc7b2\" data-element_type=\"widget\" data-widget_type=\"text-editor.default\">\n\t\t\t\t<div class=\"elementor-widget-container\">\n\t\t\t\t\t\t\t\t\t<p>No importa si tu web es corporativa o una tienda online, cada visita puede convertirse en una oportunidad valiosa. Adem\u00e1s, una web descuidada con problemas t\u00e9cnicos o de seguridad puede perjudicar tu negocio.<\/p>\t\t\t\t\t\t\t\t<\/div>\n\t\t\t\t<\/div>\n\t\t\t\t<\/div>\n\t\t\t\t<\/div>\n\t\t<div class=\"elementor-element elementor-element-9446d67 e-flex e-con-boxed e-con e-parent\" data-id=\"9446d67\" data-element_type=\"container\" data-settings=\"{&quot;background_background&quot;:&quot;classic&quot;}\">\n\t\t\t\t\t<div class=\"e-con-inner\">\n\t\t<div class=\"elementor-element elementor-element-9e209f3 e-con-full e-flex e-con e-child\" data-id=\"9e209f3\" data-element_type=\"container\">\n\t\t\t\t<div class=\"elementor-element elementor-element-78d2a61 elementor-widget elementor-widget-heading\" data-id=\"78d2a61\" data-element_type=\"widget\" data-widget_type=\"heading.default\">\n\t\t\t\t<div class=\"elementor-widget-container\">\n\t\t\t\t\t<h2 class=\"elementor-heading-title elementor-size-default\">Riesgos de no mantener tu web\n<\/h2>\t\t\t\t<\/div>\n\t\t\t\t<\/div>\n\t\t\t\t<div class=\"elementor-element elementor-element-596efe5 elementor-widget elementor-widget-text-editor\" data-id=\"596efe5\" data-element_type=\"widget\" data-widget_type=\"text-editor.default\">\n\t\t\t\t<div class=\"elementor-widget-container\">\n\t\t\t\t\t\t\t\t\t<p>Este plan es ideal si necesitas mantener tu web actualizada y protegida con pagos mensuales sin compromiso.\u2028<\/p><ul><li>Actualizaciones de WordPress, plugins y temas.<\/li><li>Copias de seguridad autom\u00e1ticas.<\/li><li>Monitoreo y soluci\u00f3n de problemas b\u00e1sicos.<\/li><li>Asistencia t\u00e9cnica limitada en horario de oficina.<\/li><\/ul>\t\t\t\t\t\t\t\t<\/div>\n\t\t\t\t<\/div>\n\t\t\t\t<\/div>\n\t\t<div class=\"elementor-element elementor-element-a7cf7b5 e-con-full e-flex e-con e-child\" data-id=\"a7cf7b5\" data-element_type=\"container\">\n\t\t\t\t<div class=\"elementor-element elementor-element-976a5b0 elementor-widget elementor-widget-image\" data-id=\"976a5b0\" data-element_type=\"widget\" data-widget_type=\"image.default\">\n\t\t\t\t<div class=\"elementor-widget-container\">\n\t\t\t\t\t\t\t\t\t\t\t\t\t\t\t<img fetchpriority=\"high\" decoding=\"async\" width=\"540\" height=\"420\" src=\"https:\/\/prueba23.orbidi.online\/wp-content\/uploads\/2025\/01\/fasf.png\" class=\"attachment-large size-large wp-image-228\" alt=\"\" srcset=\"https:\/\/prueba23.orbidi.online\/wp-content\/uploads\/2025\/01\/fasf.png 540w, https:\/\/prueba23.orbidi.online\/wp-content\/uploads\/2025\/01\/fasf-300x233.png 300w\" sizes=\"(max-width: 540px) 100vw, 540px\" \/>\t\t\t\t\t\t\t\t\t\t\t\t\t\t\t<\/div>\n\t\t\t\t<\/div>\n\t\t\t\t<\/div>\n\t\t\t\t\t<\/div>\n\t\t\t\t<\/div>\n\t\t<div class=\"elementor-element elementor-element-2574f06 e-flex e-con-boxed e-con e-parent\" data-id=\"2574f06\" data-element_type=\"container\" data-settings=\"{&quot;background_background&quot;:&quot;classic&quot;}\">\n\t\t\t\t\t<div class=\"e-con-inner\">\n\t\t<div class=\"elementor-element elementor-element-150bdff e-con-full e-flex e-con e-child\" data-id=\"150bdff\" data-element_type=\"container\">\n\t\t\t\t<div class=\"elementor-element elementor-element-bd4c73e elementor-widget elementor-widget-image\" data-id=\"bd4c73e\" data-element_type=\"widget\" data-widget_type=\"image.default\">\n\t\t\t\t<div class=\"elementor-widget-container\">\n\t\t\t\t\t\t\t\t\t\t\t\t\t\t\t<img decoding=\"async\" width=\"540\" height=\"420\" src=\"https:\/\/prueba23.orbidi.online\/wp-content\/uploads\/2025\/01\/image.png\" class=\"attachment-large size-large wp-image-238\" alt=\"\" srcset=\"https:\/\/prueba23.orbidi.online\/wp-content\/uploads\/2025\/01\/image.png 540w, https:\/\/prueba23.orbidi.online\/wp-content\/uploads\/2025\/01\/image-300x233.png 300w\" sizes=\"(max-width: 540px) 100vw, 540px\" \/>\t\t\t\t\t\t\t\t\t\t\t\t\t\t\t<\/div>\n\t\t\t\t<\/div>\n\t\t\t\t<\/div>\n\t\t<div class=\"elementor-element elementor-element-c645265 e-con-full e-flex e-con e-child\" data-id=\"c645265\" data-element_type=\"container\">\n\t\t\t\t<div class=\"elementor-element elementor-element-b086aea elementor-widget elementor-widget-heading\" data-id=\"b086aea\" data-element_type=\"widget\" data-widget_type=\"heading.default\">\n\t\t\t\t<div class=\"elementor-widget-container\">\n\t\t\t\t\t<h2 class=\"elementor-heading-title elementor-size-default\">Consulta nuestros planes de mantenimiento<\/h2>\t\t\t\t<\/div>\n\t\t\t\t<\/div>\n\t\t\t\t<div class=\"elementor-element elementor-element-5ef0505 elementor-widget elementor-widget-text-editor\" data-id=\"5ef0505\" data-element_type=\"widget\" data-widget_type=\"text-editor.default\">\n\t\t\t\t<div class=\"elementor-widget-container\">\n\t\t\t\t\t\t\t\t\t<p>No importa su tama\u00f1o o complejidad, dise\u00f1amos servicios de mantenimiento WordPress flexibles que se ajustan a las necesidades de tu negocio. <br \/><br \/>Con nuestro soporte t\u00e9cnico, nos aseguramos de proteger tu web de esos posibles fallos o problemas de seguridad.<\/p>\t\t\t\t\t\t\t\t<\/div>\n\t\t\t\t<\/div>\n\t\t\t\t<div class=\"elementor-element elementor-element-66fa1c7 elementor-widget elementor-widget-button\" data-id=\"66fa1c7\" data-element_type=\"widget\" data-widget_type=\"button.default\">\n\t\t\t\t<div class=\"elementor-widget-container\">\n\t\t\t\t\t\t\t\t\t<div class=\"elementor-button-wrapper\">\n\t\t\t\t\t<a class=\"elementor-button elementor-button-link elementor-size-sm\" href=\"https:\/\/prueba23.orbidi.online\/ca\/planes\/\">\n\t\t\t\t\t\t<span class=\"elementor-button-content-wrapper\">\n\t\t\t\t\t\t\t\t\t<span class=\"elementor-button-text\">Ver planes y precios<\/span>\n\t\t\t\t\t<\/span>\n\t\t\t\t\t<\/a>\n\t\t\t\t<\/div>\n\t\t\t\t\t\t\t\t<\/div>\n\t\t\t\t<\/div>\n\t\t\t\t<\/div>\n\t\t\t\t\t<\/div>\n\t\t\t\t<\/div>\n\t\t<div class=\"elementor-element elementor-element-3283c2c e-flex e-con-boxed e-con e-parent\" data-id=\"3283c2c\" data-element_type=\"container\" data-settings=\"{&quot;background_background&quot;:&quot;classic&quot;}\">\n\t\t\t\t\t<div class=\"e-con-inner\">\n\t\t<div class=\"elementor-element elementor-element-bd75ce4 e-con-full e-flex e-con e-child\" data-id=\"bd75ce4\" data-element_type=\"container\">\n\t\t\t\t<div class=\"elementor-element elementor-element-b434447 elementor-widget elementor-widget-heading\" data-id=\"b434447\" data-element_type=\"widget\" data-widget_type=\"heading.default\">\n\t\t\t\t<div class=\"elementor-widget-container\">\n\t\t\t\t\t<h2 class=\"elementor-heading-title elementor-size-default\">Preguntas frecuentes sobre el mantenimiento de WordPress<\/h2>\t\t\t\t<\/div>\n\t\t\t\t<\/div>\n\t\t\t\t<div class=\"elementor-element elementor-element-49f2b88 elementor-widget elementor-widget-text-editor\" data-id=\"49f2b88\" data-element_type=\"widget\" data-widget_type=\"text-editor.default\">\n\t\t\t\t<div class=\"elementor-widget-container\">\n\t\t\t\t\t\t\t\t\t<p>Resolvemos tus inquietudes m\u00e1s comunes sobre el mantenimiento web, los plugins y c\u00f3mo proteger tu p\u00e1gina. Queremos que tomes la mejor decisi\u00f3n.<\/p>\t\t\t\t\t\t\t\t<\/div>\n\t\t\t\t<\/div>\n\t\t\t\t<div class=\"elementor-element elementor-element-99c0efc elementor-mobile-align-center elementor-widget elementor-widget-button\" data-id=\"99c0efc\" data-element_type=\"widget\" data-widget_type=\"button.default\">\n\t\t\t\t<div class=\"elementor-widget-container\">\n\t\t\t\t\t\t\t\t\t<div class=\"elementor-button-wrapper\">\n\t\t\t\t\t<a class=\"elementor-button elementor-button-link elementor-size-sm\" href=\"https:\/\/www.arreglarwp.com\/servicios\/#FAQ\">\n\t\t\t\t\t\t<span class=\"elementor-button-content-wrapper\">\n\t\t\t\t\t\t\t\t\t<span class=\"elementor-button-text\">Ir a FAQ<\/span>\n\t\t\t\t\t<\/span>\n\t\t\t\t\t<\/a>\n\t\t\t\t<\/div>\n\t\t\t\t\t\t\t\t<\/div>\n\t\t\t\t<\/div>\n\t\t\t\t<\/div>\n\t\t<div class=\"elementor-element elementor-element-00dc6df e-con-full e-flex e-con e-child\" data-id=\"00dc6df\" data-element_type=\"container\">\n\t\t\t\t<div class=\"elementor-element elementor-element-06299e9 elementor-widget elementor-widget-image\" data-id=\"06299e9\" data-element_type=\"widget\" data-widget_type=\"image.default\">\n\t\t\t\t<div class=\"elementor-widget-container\">\n\t\t\t\t\t\t\t\t\t\t\t\t\t\t\t<img decoding=\"async\" width=\"540\" height=\"420\" src=\"https:\/\/prueba23.orbidi.online\/wp-content\/uploads\/2025\/01\/product-cover-5.png\" class=\"attachment-large size-large wp-image-242\" alt=\"\" srcset=\"https:\/\/prueba23.orbidi.online\/wp-content\/uploads\/2025\/01\/product-cover-5.png 540w, https:\/\/prueba23.orbidi.online\/wp-content\/uploads\/2025\/01\/product-cover-5-300x233.png 300w\" sizes=\"(max-width: 540px) 100vw, 540px\" \/>\t\t\t\t\t\t\t\t\t\t\t\t\t\t\t<\/div>\n\t\t\t\t<\/div>\n\t\t\t\t<\/div>\n\t\t\t\t\t<\/div>\n\t\t\t\t<\/div>\n\t\t\t\t<\/div>","protected":false},"excerpt":{"rendered":"<p>\u00bfPor qu\u00e9 tienes que empezar a proteger tu web? Una web desactualizada te cuesta a futuro tiempo, dinero y reputaci\u00f3n No importa si tu web es corporativa o una tienda online, cada visita puede convertirse en una oportunidad valiosa. Adem\u00e1s, una web descuidada con problemas t\u00e9cnicos o de seguridad puede perjudicar tu negocio. Riesgos de [&hellip;]<\/p>","protected":false},"author":1,"featured_media":0,"parent":0,"menu_order":0,"comment_status":"closed","ping_status":"closed","template":"elementor_header_footer","meta":{"footnotes":""},"class_list":["post-222","page","type-page","status-publish","hentry"],"_links":{"self":[{"href":"https:\/\/prueba23.orbidi.online\/ca\/wp-json\/wp\/v2\/pages\/222","targetHints":{"allow":["GET"]}}],"collection":[{"href":"https:\/\/prueba23.orbidi.online\/ca\/wp-json\/wp\/v2\/pages"}],"about":[{"href":"https:\/\/prueba23.orbidi.online\/ca\/wp-json\/wp\/v2\/types\/page"}],"author":[{"embeddable":true,"href":"https:\/\/prueba23.orbidi.online\/ca\/wp-json\/wp\/v2\/users\/1"}],"replies":[{"embeddable":true,"href":"https:\/\/prueba23.orbidi.online\/ca\/wp-json\/wp\/v2\/comments?post=222"}],"version-history":[{"count":0,"href":"https:\/\/prueba23.orbidi.online\/ca\/wp-json\/wp\/v2\/pages\/222\/revisions"}],"wp:attachment":[{"href":"https:\/\/prueba23.orbidi.online\/ca\/wp-json\/wp\/v2\/media?parent=222"}],"curies":[{"name":"wp","href":"https:\/\/api.w.org\/{rel}","templated":true}]}}