{"id":341,"date":"2025-01-20T17:03:12","date_gmt":"2025-01-20T16:03:12","guid":{"rendered":"https:\/\/www.arreglarwp.com\/?post_type=product&#038;p=341"},"modified":"2025-02-19T21:23:24","modified_gmt":"2025-02-19T20:23:24","slug":"plan-trimestral","status":"publish","type":"product","link":"https:\/\/prueba23.orbidi.online\/ca\/product\/plan-trimestral\/","title":{"rendered":"Plan Trimestral"},"content":{"rendered":"<p>Esta opci\u00f3n ofrece un compromiso a mediano plazo con beneficios adicionales que optimizan el rendimiento de tu web. Una gran elecci\u00f3n para quienes buscan un servicio completo durante tres meses sin preocuparse por el mantenimiento constante. Incluye lo siguiente:<\/p>\n<ul>\n<li>Todo lo que ofrece el plan mensual, con actualizaciones, copias de seguridad, soporte t\u00e9cnico y monitoreo constante.<\/li>\n<li>Optimizaci\u00f3n trimestral para mejorar la velocidad, la seguridad y el rendimiento general de tu web.<\/li>\n<li>Informe detallado sobre el estado de tu web cada tres meses, incluyendo an\u00e1lisis de rendimiento y sugerencias de mejora.<\/li>\n<li>Atenci\u00f3n con prioridad media para resolver incidencias m\u00e1s r\u00e1pido que en el plan mensual.<\/li>\n<\/ul>\n<p>Este plan es perfecto para negocios en crecimiento o webs con tr\u00e1fico moderado que necesitan un equilibrio entre calidad y compromiso.<\/p>","protected":false},"excerpt":{"rendered":"<div class=\"elementor-element elementor-element-0a2f856 e-con-full e-flex e-con e-child\" data-id=\"0a2f856\" data-element_type=\"container\" data-settings=\"{&quot;background_background&quot;:&quot;classic&quot;}\">\n<div class=\"elementor-element elementor-element-8c5bb2c elementor-widget elementor-widget-text-editor\" data-id=\"8c5bb2c\" data-element_type=\"widget\" data-widget_type=\"text-editor.default\">\n<div class=\"elementor-widget-container\">\n<div class=\"elementor-element elementor-element-0a2f856 e-con-full e-flex e-con e-child\" data-id=\"0a2f856\" data-element_type=\"container\" data-settings=\"{&quot;background_background&quot;:&quot;classic&quot;}\">\n<div class=\"elementor-element elementor-element-8c5bb2c elementor-widget elementor-widget-text-editor\" data-id=\"8c5bb2c\" data-element_type=\"widget\" data-widget_type=\"text-editor.default\">\n<div class=\"elementor-widget-container\">Esta opci\u00f3n ofrece un compromiso a mediano plazo con beneficios adicionales que optimizan el rendimiento de tu web. Una gran elecci\u00f3n para quienes buscan un servicio completo durante tres meses sin preocuparse por el mantenimiento constante. <!-- wp:list --><\/p>\n<ul class=\"wp-block-list\"><!-- wp:list-item --><\/p>\n<li>Todo lo que ofrece el plan mensual, con actualizaciones, copias de seguridad, soporte t\u00e9cnico y monitoreo constante.<\/li>\n<p><!-- \/wp:list-item --><\/p>\n<p><!-- wp:list-item --><\/p>\n<li>Optimizaci\u00f3n trimestral para mejorar la velocidad, la seguridad y el rendimiento general de tu web.<\/li>\n<p><!-- \/wp:list-item --><\/p>\n<p><!-- wp:list-item --><\/p>\n<li>Informe detallado sobre el estado de tu web cada tres meses, incluyendo an\u00e1lisis de rendimiento y sugerencias de mejora.<\/li>\n<p><!-- \/wp:list-item --><\/p>\n<p><!-- wp:list-item --><\/p>\n<li>Atenci\u00f3n con prioridad media para resolver incidencias m\u00e1s r\u00e1pido que en el plan mensual.<\/li>\n<p><!-- \/wp:list-item --><\/ul>\n<p><!-- \/wp:list --><\/p>\n<p><!-- wp:paragraph --> Este plan es perfecto para negocios en crecimiento o webs con tr\u00e1fico moderado que necesitan un equilibrio entre calidad y compromiso. <!-- \/wp:paragraph --><\/div>\n<\/div>\n<\/div>\n<\/div>\n<\/div>\n<\/div>","protected":false},"featured_media":518,"comment_status":"open","ping_status":"closed","template":"","meta":{"wds_primary_product_brand":0,"wds_primary_product_cat":0},"product_brand":[],"product_cat":[23],"product_tag":[],"class_list":{"0":"post-341","1":"product","2":"type-product","3":"status-publish","4":"has-post-thumbnail","6":"product_cat-sin-categorizar","8":"first","9":"instock","10":"shipping-taxable","11":"purchasable","12":"product-type-simple"},"_links":{"self":[{"href":"https:\/\/prueba23.orbidi.online\/ca\/wp-json\/wp\/v2\/product\/341","targetHints":{"allow":["GET"]}}],"collection":[{"href":"https:\/\/prueba23.orbidi.online\/ca\/wp-json\/wp\/v2\/product"}],"about":[{"href":"https:\/\/prueba23.orbidi.online\/ca\/wp-json\/wp\/v2\/types\/product"}],"replies":[{"embeddable":true,"href":"https:\/\/prueba23.orbidi.online\/ca\/wp-json\/wp\/v2\/comments?post=341"}],"wp:featuredmedia":[{"embeddable":true,"href":"https:\/\/prueba23.orbidi.online\/ca\/wp-json\/wp\/v2\/media\/518"}],"wp:attachment":[{"href":"https:\/\/prueba23.orbidi.online\/ca\/wp-json\/wp\/v2\/media?parent=341"}],"wp:term":[{"taxonomy":"product_brand","embeddable":true,"href":"https:\/\/prueba23.orbidi.online\/ca\/wp-json\/wp\/v2\/product_brand?post=341"},{"taxonomy":"product_cat","embeddable":true,"href":"https:\/\/prueba23.orbidi.online\/ca\/wp-json\/wp\/v2\/product_cat?post=341"},{"taxonomy":"product_tag","embeddable":true,"href":"https:\/\/prueba23.orbidi.online\/ca\/wp-json\/wp\/v2\/product_tag?post=341"}],"curies":[{"name":"wp","href":"https:\/\/api.w.org\/{rel}","templated":true}]}}