{"id":20,"date":"2024-09-23T18:09:59","date_gmt":"2024-09-23T16:09:59","guid":{"rendered":"https:\/\/www.cynthia-flich.com\/servicios\/"},"modified":"2025-01-23T22:10:03","modified_gmt":"2025-01-23T21:10:03","slug":"servicios","status":"publish","type":"page","link":"https:\/\/prueba23.orbidi.online\/en\/servicios\/","title":{"rendered":"Servicios"},"content":{"rendered":"<div data-elementor-type=\"wp-page\" data-elementor-id=\"20\" class=\"elementor elementor-20\" data-elementor-post-type=\"page\">\n\t\t\t\t<div class=\"elementor-element elementor-element-33b13ce7 e-con-full e-flex e-con e-parent\" data-id=\"33b13ce7\" data-element_type=\"container\" data-settings=\"{&quot;background_background&quot;:&quot;classic&quot;}\">\n\t\t<div class=\"elementor-element elementor-element-77be134c e-con-full e-flex e-con e-child\" data-id=\"77be134c\" data-element_type=\"container\" data-settings=\"{&quot;background_background&quot;:&quot;classic&quot;}\">\n\t\t\t\t<div class=\"elementor-element elementor-element-5635fd3 elementor-widget elementor-widget-heading\" data-id=\"5635fd3\" data-element_type=\"widget\" data-widget_type=\"heading.default\">\n\t\t\t\t<div class=\"elementor-widget-container\">\n\t\t\t\t\t<h1 class=\"elementor-heading-title elementor-size-default\">Soluciones web completas para hacer crecer tu negocio<\/h1>\t\t\t\t<\/div>\n\t\t\t\t<\/div>\n\t\t\t\t<div class=\"elementor-element elementor-element-60b03d86 elementor-widget elementor-widget-heading\" data-id=\"60b03d86\" data-element_type=\"widget\" data-widget_type=\"heading.default\">\n\t\t\t\t<div class=\"elementor-widget-container\">\n\t\t\t\t\t<span class=\"elementor-heading-title elementor-size-default\">Nos ocupamos de tu web para que t\u00fa te concentres en tu negocio<\/span>\t\t\t\t<\/div>\n\t\t\t\t<\/div>\n\t\t\t\t<div class=\"elementor-element elementor-element-75a2ab6c elementor-widget elementor-widget-text-editor\" data-id=\"75a2ab6c\" data-element_type=\"widget\" data-widget_type=\"text-editor.default\">\n\t\t\t\t<div class=\"elementor-widget-container\">\n\t\t\t\t\t\t\t\t\t<p>En Arreglarwp, nos especializamos en garantizar que tu web en WordPress est\u00e9 siempre en su mejor estado. Desde mantenimiento continuo hasta ajustes puntuales y soluciones r\u00e1pidas para emergencias, ofrecemos servicios que se adaptan a las necesidades de cada cliente. Nos encargamos de todo para que puedas centrarte en tu negocio mientras tu web funciona sin problemas.<\/p>\t\t\t\t\t\t\t\t<\/div>\n\t\t\t\t<\/div>\n\t\t\t\t<\/div>\n\t\t\t\t<\/div>\n\t\t<div class=\"elementor-element elementor-element-3c0891a e-flex e-con-boxed e-con e-parent\" data-id=\"3c0891a\" data-element_type=\"container\" data-settings=\"{&quot;background_background&quot;:&quot;classic&quot;}\">\n\t\t\t\t\t<div class=\"e-con-inner\">\n\t\t\t\t<div class=\"elementor-element elementor-element-d4ed2c5 elementor-widget elementor-widget-heading\" data-id=\"d4ed2c5\" data-element_type=\"widget\" data-widget_type=\"heading.default\">\n\t\t\t\t<div class=\"elementor-widget-container\">\n\t\t\t\t\t<h1 class=\"elementor-heading-title elementor-size-default\">El servicio que se ocupa de la salud de tu web<\/h1>\t\t\t\t<\/div>\n\t\t\t\t<\/div>\n\t\t\t\t<div class=\"elementor-element elementor-element-02c0bed elementor-widget elementor-widget-heading\" data-id=\"02c0bed\" data-element_type=\"widget\" data-widget_type=\"heading.default\">\n\t\t\t\t<div class=\"elementor-widget-container\">\n\t\t\t\t\t<h1 class=\"elementor-heading-title elementor-size-default\">Mantenimiento WordPress<\/h1>\t\t\t\t<\/div>\n\t\t\t\t<\/div>\n\t\t\t\t<div class=\"elementor-element elementor-element-5b85662 elementor-widget elementor-widget-text-editor\" data-id=\"5b85662\" data-element_type=\"widget\" data-widget_type=\"text-editor.default\">\n\t\t\t\t<div class=\"elementor-widget-container\">\n\t\t\t\t\t\t\t\t\t<p>Disponemos de tres planes adaptados a las necesidades de cada cliente; b\u00e1sico, profesional y WooCommerce.<\/p>\t\t\t\t\t\t\t\t<\/div>\n\t\t\t\t<\/div>\n\t\t\t\t\t<\/div>\n\t\t\t\t<\/div>\n\t\t<div class=\"elementor-element elementor-element-bd6376c e-flex e-con-boxed e-con e-parent\" data-id=\"bd6376c\" data-element_type=\"container\">\n\t\t\t\t\t<div class=\"e-con-inner\">\n\t\t\t\t<div class=\"elementor-element elementor-element-8f13194 elementor-widget elementor-widget-text-editor\" data-id=\"8f13194\" data-element_type=\"widget\" data-widget_type=\"text-editor.default\">\n\t\t\t\t<div class=\"elementor-widget-container\">\n\t\t\t\t\t\t\t\t\t<p><strong>\u00bfPor qu\u00e9 es necesario contratar un servicio de Mantenimiento WordPress?<\/strong><\/p><p>El mantenimiento WordPress es la mejor manera de que nuestros clientes tengan sus webs seguras\u2028\u2028<\/p><p><strong>\u00bfQu\u00e9 es WordPress y c\u00f3mo funciona?\u2028<\/strong>\u2028<\/p><p>Tu p\u00e1gina web est\u00e1 construida sobre un sistema de gesti\u00f3n de contenido o CMS llamado WordPress. Se trata de un sistema robusto y flexible que permite hacer p\u00e1ginas de todo tipo, como blogs, corporativas, tiendas online, etc.\u2028<\/p><p>WordPress es un software complejo que recibe constantes actualizaciones para mejorar su rendimiento, a\u00f1adir nuevas funcionalidades y evitar problemas de seguridad.\u2028\u2028<\/p><p>Este sistema se sirve de plugins que son peque\u00f1os programas o herramientas que permiten desplegar distintas caracter\u00edsticas necesarias en tu p\u00e1gina web y que desarrollan m\u00faltiples funcionalidades, como, por ejemplo; captar suscriptores, poner un chat de soporte en tu web, mejorar la velocidad de carga, colocar botones para compartir en redes sociales\u2026pr\u00e1cticamente todo lo que se te ocurra hacer.\u2028\u2028<\/p><p>Los plugins tambi\u00e9n tienen sus actualizaciones propias, que son enviadas por los desarrolladores de los mismos. Como profesionales y expertos en mantenimiento web sabemos que adem\u00e1s de todas las ventajas que supone el uso de los necesarios plugins, \u00e9stos a su vez pueden ser una fuente de riesgo si no se mantienen actualizados, ya que los hackers pueden explotar las vulnerabilidades en versiones desactualizadas para acceder y da\u00f1ar el sitio.\u2028\u2028<\/p><p><strong>\u00bfQu\u00e9 se consigue con el mantenimiento?<\/strong>\u2028\u2028<\/p><p>\u2013Mantener actualizado WordPress y los plugins instalados.\u2028<\/p><p>\u2013 Resoluci\u00f3n de posibles incompatibilidades entre ellos.\u2028<\/p><p>\u2013 Copias de seguridad actualizadas.\u2028<\/p><p>\u2013 Restauraci\u00f3n de la web en caso de desastre.\u2028<\/p><p>\u2013 Soporte y consulta de dudas v\u00eda email.\u00a0<\/p>\t\t\t\t\t\t\t\t<\/div>\n\t\t\t\t<\/div>\n\t\t\t\t\t<\/div>\n\t\t\t\t<\/div>\n\t\t<div class=\"elementor-element elementor-element-81cd7d9 e-flex e-con-boxed e-con e-parent\" data-id=\"81cd7d9\" data-element_type=\"container\" data-settings=\"{&quot;background_background&quot;:&quot;classic&quot;}\">\n\t\t\t\t\t<div class=\"e-con-inner\">\n\t\t\t\t<div class=\"elementor-element elementor-element-3cb110d elementor-widget elementor-widget-heading\" data-id=\"3cb110d\" data-element_type=\"widget\" data-widget_type=\"heading.default\">\n\t\t\t\t<div class=\"elementor-widget-container\">\n\t\t\t\t\t<h1 class=\"elementor-heading-title elementor-size-default\">Resuelve problemas urgentes  en tu web<\/h1>\t\t\t\t<\/div>\n\t\t\t\t<\/div>\n\t\t\t\t<div class=\"elementor-element elementor-element-d11a310 elementor-widget elementor-widget-heading\" data-id=\"d11a310\" data-element_type=\"widget\" data-widget_type=\"heading.default\">\n\t\t\t\t<div class=\"elementor-widget-container\">\n\t\t\t\t\t<h1 class=\"elementor-heading-title elementor-size-default\">Emergencias en WordPress<\/h1>\t\t\t\t<\/div>\n\t\t\t\t<\/div>\n\t\t\t\t<div class=\"elementor-element elementor-element-33a0998 elementor-widget elementor-widget-text-editor\" data-id=\"33a0998\" data-element_type=\"widget\" data-widget_type=\"text-editor.default\">\n\t\t\t\t<div class=\"elementor-widget-container\">\n\t\t\t\t\t\t\t\t\t<p>\u00bfPor qu\u00e9 contratar este servicio? \u2028\u2028Cuando se tiene cualquier tipo de problema con una web hecha en WordPress y que impide el correcto funcionamiento de la misma. Se presenta una necesidad de soluci\u00f3n urgente. Si una web ha dejado de funcionar y presenta problemas que no puede solucionar el mismo cliente entonces es cuando se debe plantear la contrataci\u00f3n de este servicio.<\/p>\t\t\t\t\t\t\t\t<\/div>\n\t\t\t\t<\/div>\n\t\t\t\t\t<\/div>\n\t\t\t\t<\/div>\n\t\t<div class=\"elementor-element elementor-element-d1e14be e-flex e-con-boxed e-con e-parent\" data-id=\"d1e14be\" data-element_type=\"container\">\n\t\t\t\t\t<div class=\"e-con-inner\">\n\t\t\t\t<div class=\"elementor-element elementor-element-13705af elementor-widget elementor-widget-text-editor\" data-id=\"13705af\" data-element_type=\"widget\" data-widget_type=\"text-editor.default\">\n\t\t\t\t<div class=\"elementor-widget-container\">\n\t\t\t\t\t\t\t\t\t<p><strong>Algunos de los problemas m\u00e1s habituales\u2028<\/strong><\/p><p>\u25cf Ataques de hackers.<br \/>\u25cf Peque\u00f1as modificaciones err\u00f3neas o maliciosas en el c\u00f3digo.<br \/>\u25cf 500Internal Server Error.<br \/>\u25cf Actualizaci\u00f3n de WordPress fallida.<br \/>\u25cf Incompatibilidad entre plugins y\/o actualizaciones necesarias.<br \/>\u25cf Syntax Error online [\u2026].<br \/>\u25cf White Screenof Death(WSoD) o Pantallazo blanco.<br \/>\u25cf Error establishing a database connection.<\/p><p><strong>Precio 150\u20ac<\/strong><\/p><p>Esta es nuestra tarifa base del Servicio de Emergencias WordPress. Incluye la primera hora de atenci\u00f3n y programaci\u00f3n. En la mayor parte de los casos todo se soluciona en ese intervalo de tiempo. Si fuera necesario invertir m\u00e1s tiempo, se factura cada hora a 15\u20ac. En el improbable caso de no poder dar con el error y su soluci\u00f3n, se devolver\u00e1 el dinero \u00edntegramente.<\/p><p><strong>\u00bfC\u00f3mo funciona el servicio de emergencias en WordPress?<\/strong><br \/>Nos dedicamos a identificar, analizar y solventar problemas que se hayan podido producir en tu web, en el menor tiempo posible claro est\u00e1, para que no pierdas esas visitas tan preciadas a tu web.<\/p>\t\t\t\t\t\t\t\t<\/div>\n\t\t\t\t<\/div>\n\t\t\t\t\t<\/div>\n\t\t\t\t<\/div>\n\t\t<div class=\"elementor-element elementor-element-5cb3822 e-flex e-con-boxed e-con e-parent\" data-id=\"5cb3822\" data-element_type=\"container\" id=\"FAQ\" data-settings=\"{&quot;background_background&quot;:&quot;classic&quot;}\">\n\t\t\t\t\t<div class=\"e-con-inner\">\n\t\t\t\t<div class=\"elementor-element elementor-element-6754747 elementor-widget elementor-widget-heading\" data-id=\"6754747\" data-element_type=\"widget\" data-widget_type=\"heading.default\">\n\t\t\t\t<div class=\"elementor-widget-container\">\n\t\t\t\t\t<h1 class=\"elementor-heading-title elementor-size-default\">Preguntas frecuentes sobre este servicio<\/h1>\t\t\t\t<\/div>\n\t\t\t\t<\/div>\n\t\t\t\t<div class=\"elementor-element elementor-element-66f78b8 elementor-widget elementor-widget-n-accordion\" data-id=\"66f78b8\" data-element_type=\"widget\" data-settings=\"{&quot;default_state&quot;:&quot;expanded&quot;,&quot;max_items_expended&quot;:&quot;one&quot;,&quot;n_accordion_animation_duration&quot;:{&quot;unit&quot;:&quot;ms&quot;,&quot;size&quot;:400,&quot;sizes&quot;:[]}}\" data-widget_type=\"nested-accordion.default\">\n\t\t\t\t<div class=\"elementor-widget-container\">\n\t\t\t\t\t\t\t<div class=\"e-n-accordion\" aria-label=\"Accordion. Open links with Enter or Space, close with Escape, and navigate with Arrow Keys\">\n\t\t\t\t\t\t<details id=\"e-n-accordion-item-1070\" class=\"e-n-accordion-item\" open>\n\t\t\t\t<summary class=\"e-n-accordion-item-title\" data-accordion-index=\"1\" tabindex=\"0\" aria-expanded=\"true\" aria-controls=\"e-n-accordion-item-1070\" >\n\t\t\t\t\t<span class='e-n-accordion-item-title-header'><div class=\"e-n-accordion-item-title-text\"> \u00bfCu\u00e1nto tiempo se tarda en solucionar? <\/div><\/span>\n\t\t\t\t\t\t\t<span class='e-n-accordion-item-title-icon'>\n\t\t\t<span class='e-opened' ><svg aria-hidden=\"true\" class=\"e-font-icon-svg e-fas-minus\" viewbox=\"0 0 448 512\" xmlns=\"http:\/\/www.w3.org\/2000\/svg\"><path d=\"M416 208H32c-17.67 0-32 14.33-32 32v32c0 17.67 14.33 32 32 32h384c17.67 0 32-14.33 32-32v-32c0-17.67-14.33-32-32-32z\"><\/path><\/svg><\/span>\n\t\t\t<span class='e-closed'><svg aria-hidden=\"true\" class=\"e-font-icon-svg e-fas-plus\" viewbox=\"0 0 448 512\" xmlns=\"http:\/\/www.w3.org\/2000\/svg\"><path d=\"M416 208H272V64c0-17.67-14.33-32-32-32h-32c-17.67 0-32 14.33-32 32v144H32c-17.67 0-32 14.33-32 32v32c0 17.67 14.33 32 32 32h144v144c0 17.67 14.33 32 32 32h32c17.67 0 32-14.33 32-32V304h144c17.67 0 32-14.33 32-32v-32c0-17.67-14.33-32-32-32z\"><\/path><\/svg><\/span>\n\t\t<\/span>\n\n\t\t\t\t\t\t<\/summary>\n\t\t\t\t<div role=\"region\" aria-labelledby=\"e-n-accordion-item-1070\" class=\"elementor-element elementor-element-3b1bc13 e-con-full e-flex e-con e-child\" data-id=\"3b1bc13\" data-element_type=\"container\">\n\t\t\t\t<div class=\"elementor-element elementor-element-bab42c1 elementor-widget elementor-widget-text-editor\" data-id=\"bab42c1\" data-element_type=\"widget\" data-widget_type=\"text-editor.default\">\n\t\t\t\t<div class=\"elementor-widget-container\">\n\t\t\t\t\t\t\t\t\t<p>Una emergencia es una emergencia, por lo que atendemos al instante.<\/p>\t\t\t\t\t\t\t\t<\/div>\n\t\t\t\t<\/div>\n\t\t\t\t<\/div>\n\t\t\t\t\t<\/details>\n\t\t\t\t\t\t<details id=\"e-n-accordion-item-1071\" class=\"e-n-accordion-item\" >\n\t\t\t\t<summary class=\"e-n-accordion-item-title\" data-accordion-index=\"2\" tabindex=\"-1\" aria-expanded=\"false\" aria-controls=\"e-n-accordion-item-1071\" >\n\t\t\t\t\t<span class='e-n-accordion-item-title-header'><div class=\"e-n-accordion-item-title-text\"> \u00bfQu\u00e9 pasa si no se resuelve el problema? <\/div><\/span>\n\t\t\t\t\t\t\t<span class='e-n-accordion-item-title-icon'>\n\t\t\t<span class='e-opened' ><svg aria-hidden=\"true\" class=\"e-font-icon-svg e-fas-minus\" viewbox=\"0 0 448 512\" xmlns=\"http:\/\/www.w3.org\/2000\/svg\"><path d=\"M416 208H32c-17.67 0-32 14.33-32 32v32c0 17.67 14.33 32 32 32h384c17.67 0 32-14.33 32-32v-32c0-17.67-14.33-32-32-32z\"><\/path><\/svg><\/span>\n\t\t\t<span class='e-closed'><svg aria-hidden=\"true\" class=\"e-font-icon-svg e-fas-plus\" viewbox=\"0 0 448 512\" xmlns=\"http:\/\/www.w3.org\/2000\/svg\"><path d=\"M416 208H272V64c0-17.67-14.33-32-32-32h-32c-17.67 0-32 14.33-32 32v144H32c-17.67 0-32 14.33-32 32v32c0 17.67 14.33 32 32 32h144v144c0 17.67 14.33 32 32 32h32c17.67 0 32-14.33 32-32V304h144c17.67 0 32-14.33 32-32v-32c0-17.67-14.33-32-32-32z\"><\/path><\/svg><\/span>\n\t\t<\/span>\n\n\t\t\t\t\t\t<\/summary>\n\t\t\t\t<div role=\"region\" aria-labelledby=\"e-n-accordion-item-1071\" class=\"elementor-element elementor-element-ba7179c e-con-full e-flex e-con e-child\" data-id=\"ba7179c\" data-element_type=\"container\">\n\t\t\t\t<div class=\"elementor-element elementor-element-7495e9a elementor-widget elementor-widget-text-editor\" data-id=\"7495e9a\" data-element_type=\"widget\" data-widget_type=\"text-editor.default\">\n\t\t\t\t<div class=\"elementor-widget-container\">\n\t\t\t\t\t\t\t\t\t<p>Confiamos plenamente en nuestra capacidad para resolver problemas en WordPress. Aunque en el caso poco probable no poder resolver el problema, te devolver\u00edamos el importe \u00edntegro de la emergencia contratada.<\/p>\t\t\t\t\t\t\t\t<\/div>\n\t\t\t\t<\/div>\n\t\t\t\t<\/div>\n\t\t\t\t\t<\/details>\n\t\t\t\t\t\t<details id=\"e-n-accordion-item-1072\" class=\"e-n-accordion-item\" >\n\t\t\t\t<summary class=\"e-n-accordion-item-title\" data-accordion-index=\"3\" tabindex=\"-1\" aria-expanded=\"false\" aria-controls=\"e-n-accordion-item-1072\" >\n\t\t\t\t\t<span class='e-n-accordion-item-title-header'><div class=\"e-n-accordion-item-title-text\"> \u00bfPuede haber gastos derivados? <\/div><\/span>\n\t\t\t\t\t\t\t<span class='e-n-accordion-item-title-icon'>\n\t\t\t<span class='e-opened' ><svg aria-hidden=\"true\" class=\"e-font-icon-svg e-fas-minus\" viewbox=\"0 0 448 512\" xmlns=\"http:\/\/www.w3.org\/2000\/svg\"><path d=\"M416 208H32c-17.67 0-32 14.33-32 32v32c0 17.67 14.33 32 32 32h384c17.67 0 32-14.33 32-32v-32c0-17.67-14.33-32-32-32z\"><\/path><\/svg><\/span>\n\t\t\t<span class='e-closed'><svg aria-hidden=\"true\" class=\"e-font-icon-svg e-fas-plus\" viewbox=\"0 0 448 512\" xmlns=\"http:\/\/www.w3.org\/2000\/svg\"><path d=\"M416 208H272V64c0-17.67-14.33-32-32-32h-32c-17.67 0-32 14.33-32 32v144H32c-17.67 0-32 14.33-32 32v32c0 17.67 14.33 32 32 32h144v144c0 17.67 14.33 32 32 32h32c17.67 0 32-14.33 32-32V304h144c17.67 0 32-14.33 32-32v-32c0-17.67-14.33-32-32-32z\"><\/path><\/svg><\/span>\n\t\t<\/span>\n\n\t\t\t\t\t\t<\/summary>\n\t\t\t\t<div role=\"region\" aria-labelledby=\"e-n-accordion-item-1072\" class=\"elementor-element elementor-element-8b6c141 e-con-full e-flex e-con e-child\" data-id=\"8b6c141\" data-element_type=\"container\">\n\t\t\t\t<div class=\"elementor-element elementor-element-90c4595 elementor-widget elementor-widget-text-editor\" data-id=\"90c4595\" data-element_type=\"widget\" data-widget_type=\"text-editor.default\">\n\t\t\t\t<div class=\"elementor-widget-container\">\n\t\t\t\t\t\t\t\t\t<p>S\u00ed. Encontrar la soluci\u00f3n al problema puede pasar por tener que tomar decisiones que conlleven un gasto adicional.<\/p><p>Es posible que encontremos el problema y la soluci\u00f3n conlleve un gasto adicional, como por ejemplo un cambio de plugin por incompatibilidad de uno existente, un cambio de proveedor de hosting o alg\u00fan ajuste en el hosting del cliente, o alg\u00fan theme o plugin sin licencia que requiera la compra del mismo, etc.\u00a0<\/p>\t\t\t\t\t\t\t\t<\/div>\n\t\t\t\t<\/div>\n\t\t\t\t<\/div>\n\t\t\t\t\t<\/details>\n\t\t\t\t\t\t<details id=\"e-n-accordion-item-1073\" class=\"e-n-accordion-item\" >\n\t\t\t\t<summary class=\"e-n-accordion-item-title\" data-accordion-index=\"4\" tabindex=\"-1\" aria-expanded=\"false\" aria-controls=\"e-n-accordion-item-1073\" >\n\t\t\t\t\t<span class='e-n-accordion-item-title-header'><div class=\"e-n-accordion-item-title-text\"> \u00bfEs necesario pagar por adelantado? <\/div><\/span>\n\t\t\t\t\t\t\t<span class='e-n-accordion-item-title-icon'>\n\t\t\t<span class='e-opened' ><svg aria-hidden=\"true\" class=\"e-font-icon-svg e-fas-minus\" viewbox=\"0 0 448 512\" xmlns=\"http:\/\/www.w3.org\/2000\/svg\"><path d=\"M416 208H32c-17.67 0-32 14.33-32 32v32c0 17.67 14.33 32 32 32h384c17.67 0 32-14.33 32-32v-32c0-17.67-14.33-32-32-32z\"><\/path><\/svg><\/span>\n\t\t\t<span class='e-closed'><svg aria-hidden=\"true\" class=\"e-font-icon-svg e-fas-plus\" viewbox=\"0 0 448 512\" xmlns=\"http:\/\/www.w3.org\/2000\/svg\"><path d=\"M416 208H272V64c0-17.67-14.33-32-32-32h-32c-17.67 0-32 14.33-32 32v144H32c-17.67 0-32 14.33-32 32v32c0 17.67 14.33 32 32 32h144v144c0 17.67 14.33 32 32 32h32c17.67 0 32-14.33 32-32V304h144c17.67 0 32-14.33 32-32v-32c0-17.67-14.33-32-32-32z\"><\/path><\/svg><\/span>\n\t\t<\/span>\n\n\t\t\t\t\t\t<\/summary>\n\t\t\t\t<div role=\"region\" aria-labelledby=\"e-n-accordion-item-1073\" class=\"elementor-element elementor-element-47b3097 e-con-full e-flex e-con e-child\" data-id=\"47b3097\" data-element_type=\"container\">\n\t\t\t\t<div class=\"elementor-element elementor-element-456e3ad elementor-widget elementor-widget-text-editor\" data-id=\"456e3ad\" data-element_type=\"widget\" data-widget_type=\"text-editor.default\">\n\t\t\t\t<div class=\"elementor-widget-container\">\n\t\t\t\t\t\t\t\t\t<p>S\u00ed. Cobramos los 150 \u20ac de contrataci\u00f3n por adelantado.<\/p><p>El tiempo y coste adicional que nos lleve resolver el problema, se facturar\u00e1 y se deber\u00e1 cobrar en el momento de resoluci\u00f3n. En funci\u00f3n de la emergencia, estimaremos con el cliente un coste aproximado.<\/p>\t\t\t\t\t\t\t\t<\/div>\n\t\t\t\t<\/div>\n\t\t\t\t<\/div>\n\t\t\t\t\t<\/details>\n\t\t\t\t\t<\/div>\n\t\t\t\t\t\t<\/div>\n\t\t\t\t<\/div>\n\t\t\t\t\t<\/div>\n\t\t\t\t<\/div>\n\t\t<div class=\"elementor-element elementor-element-1fe887c e-flex e-con-boxed e-con e-parent\" data-id=\"1fe887c\" data-element_type=\"container\" data-settings=\"{&quot;background_background&quot;:&quot;classic&quot;}\">\n\t\t\t\t\t<div class=\"e-con-inner\">\n\t\t\t\t<div class=\"elementor-element elementor-element-49e2c9b elementor-widget elementor-widget-heading\" data-id=\"49e2c9b\" data-element_type=\"widget\" data-widget_type=\"heading.default\">\n\t\t\t\t<div class=\"elementor-widget-container\">\n\t\t\t\t\t<h1 class=\"elementor-heading-title elementor-size-default\">Soluciones a medida para tus necesidades<\/h1>\t\t\t\t<\/div>\n\t\t\t\t<\/div>\n\t\t\t\t<div class=\"elementor-element elementor-element-d0a64a2 elementor-widget elementor-widget-heading\" data-id=\"d0a64a2\" data-element_type=\"widget\" data-widget_type=\"heading.default\">\n\t\t\t\t<div class=\"elementor-widget-container\">\n\t\t\t\t\t<h1 class=\"elementor-heading-title elementor-size-default\">Contrataci\u00f3n de horas de trabajo<\/h1>\t\t\t\t<\/div>\n\t\t\t\t<\/div>\n\t\t\t\t<div class=\"elementor-element elementor-element-ca4462a elementor-widget elementor-widget-text-editor\" data-id=\"ca4462a\" data-element_type=\"widget\" data-widget_type=\"text-editor.default\">\n\t\t\t\t<div class=\"elementor-widget-container\">\n\t\t\t\t\t\t\t\t\t<p>\u00bfTienes tareas puntuales o ajustes espec\u00edficos que necesitas implementar en tu web? Nuestro servicio de contrataci\u00f3n por horas es la soluci\u00f3n perfecta para aquellos proyectos que no requieren un mantenimiento continuo pero s\u00ed atenci\u00f3n profesional y personalizada. Pagas solo por el tiempo que necesites y nosotros nos encargamos de llevar a cabo los cambios con eficacia y precisi\u00f3n.<\/p>\t\t\t\t\t\t\t\t<\/div>\n\t\t\t\t<\/div>\n\t\t\t\t\t<\/div>\n\t\t\t\t<\/div>\n\t\t<div class=\"elementor-element elementor-element-aa98b0e e-flex e-con-boxed e-con e-parent\" data-id=\"aa98b0e\" data-element_type=\"container\">\n\t\t\t\t\t<div class=\"e-con-inner\">\n\t\t\t\t<div class=\"elementor-element elementor-element-c78077f elementor-widget elementor-widget-text-editor\" data-id=\"c78077f\" data-element_type=\"widget\" data-widget_type=\"text-editor.default\">\n\t\t\t\t<div class=\"elementor-widget-container\">\n\t\t\t\t\t\t\t\t\t<p><strong>Qu\u00e9 incluye este servicio\u2028<\/strong><\/p><ul><li>Cambios en el dise\u00f1o o contenido\u2028Actualiza textos, im\u00e1genes o el aspecto visual de tu web para mantenerla siempre atractiva y funcional.\u2028<\/li><li>Integraci\u00f3n de funcionalidades\u2028A\u00f1ade nuevos plugins, herramientas o caracter\u00edsticas que hagan tu sitio m\u00e1s \u00fatil para tus clientes.\u2028<\/li><li>Optimizaci\u00f3n t\u00e9cnica\u2028Mejora la velocidad, el SEO b\u00e1sico o realiza ajustes en el rendimiento para ofrecer una mejor experiencia a tus usuarios.\u2028<\/li><li>Soluci\u00f3n de problemas espec\u00edficos\u2028 Arreglamos fallos menores, errores de configuraci\u00f3n o incompatibilidades que puedan surgir en tu web.\u2028\u2028<\/li><\/ul>\t\t\t\t\t\t\t\t<\/div>\n\t\t\t\t<\/div>\n\t\t\t\t<div class=\"elementor-element elementor-element-e72789f elementor-widget elementor-widget-text-editor\" data-id=\"e72789f\" data-element_type=\"widget\" data-widget_type=\"text-editor.default\">\n\t\t\t\t<div class=\"elementor-widget-container\">\n\t\t\t\t\t\t\t\t\t<p>Este servicio est\u00e1 dise\u00f1ado para darte flexibilidad y control sobre las tareas que necesitas realizar. Antes de comenzar, analizamos tus requerimientos para estimar las horas necesarias y garantizar la transparencia en los costes.\u2028<\/p><p><strong>Beneficios de contratar por horas<\/strong><\/p><ul><li>Ahorro econ\u00f3mico al pagar solo por lo que realmente necesitas.<\/li><li>Flexibilidad para proyectos puntuales.<\/li><li>espuesta profesional y r\u00e1pida por parte de nuestro equipo.\u00a0<\/li><\/ul>\t\t\t\t\t\t\t\t<\/div>\n\t\t\t\t<\/div>\n\t\t\t\t\t<\/div>\n\t\t\t\t<\/div>\n\t\t\t\t<\/div>","protected":false},"excerpt":{"rendered":"<p>Soluciones web completas para hacer crecer tu negocio Nos ocupamos de tu web para que t\u00fa te concentres en tu negocio En Arreglarwp, nos especializamos en garantizar que tu web en WordPress est\u00e9 siempre en su mejor estado. Desde mantenimiento continuo hasta ajustes puntuales y soluciones r\u00e1pidas para emergencias, ofrecemos servicios que se adaptan a [&hellip;]<\/p>","protected":false},"author":1,"featured_media":0,"parent":0,"menu_order":0,"comment_status":"closed","ping_status":"closed","template":"","meta":{"footnotes":""},"class_list":["post-20","page","type-page","status-publish","hentry"],"_links":{"self":[{"href":"https:\/\/prueba23.orbidi.online\/en\/wp-json\/wp\/v2\/pages\/20","targetHints":{"allow":["GET"]}}],"collection":[{"href":"https:\/\/prueba23.orbidi.online\/en\/wp-json\/wp\/v2\/pages"}],"about":[{"href":"https:\/\/prueba23.orbidi.online\/en\/wp-json\/wp\/v2\/types\/page"}],"author":[{"embeddable":true,"href":"https:\/\/prueba23.orbidi.online\/en\/wp-json\/wp\/v2\/users\/1"}],"replies":[{"embeddable":true,"href":"https:\/\/prueba23.orbidi.online\/en\/wp-json\/wp\/v2\/comments?post=20"}],"version-history":[{"count":0,"href":"https:\/\/prueba23.orbidi.online\/en\/wp-json\/wp\/v2\/pages\/20\/revisions"}],"wp:attachment":[{"href":"https:\/\/prueba23.orbidi.online\/en\/wp-json\/wp\/v2\/media?parent=20"}],"curies":[{"name":"wp","href":"https:\/\/api.w.org\/{rel}","templated":true}]}}