{"id":340,"date":"2025-01-20T17:02:45","date_gmt":"2025-01-20T16:02:45","guid":{"rendered":"https:\/\/www.arreglarwp.com\/?post_type=product&#038;p=340"},"modified":"2025-05-12T17:01:11","modified_gmt":"2025-05-12T15:01:11","slug":"plan-basico-mensual","status":"publish","type":"product","link":"https:\/\/prueba23.orbidi.online\/en\/product\/plan-basico-mensual\/","title":{"rendered":"Plan B\u00e1sico Mensual"},"content":{"rendered":"<p>Este plan est\u00e1 pensado para quienes buscan flexibilidad en el mantenimiento de su web. Perfecto si necesitas actualizaciones y soporte mes a mes sin compromisos largos, pero con la tranquilidad de que tu web estar\u00e1 en manos de expertos. Incluye lo siguiente:<\/p>\n<ul>\n<li>Actualizaciones regulares para mantener WordPress, plugins y temas siempre al d\u00eda.<\/li>\n<li>Copias de seguridad autom\u00e1ticas para que tu web est\u00e9 protegida en caso de cualquier emergencia.<\/li>\n<li>Soporte t\u00e9cnico b\u00e1sico con un l\u00edmite de 20 horas al mes para resolver problemas o realizar peque\u00f1os ajustes.<\/li>\n<li>Monitoreo constante para prevenir problemas y garantizar que tu web funcione sin inconvenientes. Este plan es ideal para empresas peque\u00f1as, aut\u00f3nomos o proyectos en fase inicial que necesitan mantenimiento continuo y sin ataduras a largo plazo.<\/li>\n<\/ul>","protected":false},"excerpt":{"rendered":"<div class=\"elementor-element elementor-element-310b9ef e-con-full e-flex e-con e-child\" data-id=\"310b9ef\" data-element_type=\"container\" data-settings=\"{&quot;background_background&quot;:&quot;classic&quot;}\">\n<div class=\"elementor-element elementor-element-e99203f elementor-widget elementor-widget-text-editor\" data-id=\"e99203f\" data-element_type=\"widget\" data-widget_type=\"text-editor.default\">\n<div class=\"elementor-widget-container\">\n<div class=\"elementor-element elementor-element-310b9ef e-con-full e-flex e-con e-child\" data-id=\"310b9ef\" data-element_type=\"container\" data-settings=\"{&quot;background_background&quot;:&quot;classic&quot;}\">\n<div class=\"elementor-element elementor-element-e99203f elementor-widget elementor-widget-text-editor\" data-id=\"e99203f\" data-element_type=\"widget\" data-widget_type=\"text-editor.default\">\n<div class=\"elementor-widget-container\">Este plan est\u00e1 pensado para quienes buscan flexibilidad en el mantenimiento de su web. Perfecto si necesitas actualizaciones y soporte mes a mes sin compromisos largos, pero con la tranquilidad de que tu web estar\u00e1 en manos de expertos. Incluye lo siguiente:<\/div>\n<p><!-- wp:list --><\/p>\n<ul class=\"wp-block-list\"><!-- wp:list-item --><\/p>\n<li>Actualizaciones regulares para mantener WordPress, plugins y temas siempre al d\u00eda.<\/li>\n<p><!-- \/wp:list-item --><\/p>\n<p><!-- wp:list-item --><\/p>\n<li>Copias de seguridad autom\u00e1ticas para que tu web est\u00e9 protegida en caso de cualquier emergencia.<\/li>\n<p><!-- \/wp:list-item --><\/p>\n<p><!-- wp:list-item --><\/p>\n<li>Soporte t\u00e9cnico b\u00e1sico con un l\u00edmite de 20 horas al mes para resolver problemas o realizar peque\u00f1os ajustes.<\/li>\n<p><!-- \/wp:list-item --><\/p>\n<p><!-- wp:list-item --><\/p>\n<li>Monitoreo constante para prevenir problemas y garantizar que tu web funcione sin inconvenientes. Este plan es ideal para empresas peque\u00f1as, aut\u00f3nomos o proyectos en fase inicial que necesitan mantenimiento continuo y sin ataduras a largo plazo.<\/li>\n<p><!-- \/wp:list-item --><\/ul>\n<p><!-- \/wp:list --><\/div>\n<\/div>\n<\/div>\n<\/div>\n<\/div>","protected":false},"featured_media":604,"comment_status":"open","ping_status":"closed","template":"","meta":{"wds_primary_product_brand":0,"wds_primary_product_cat":0},"product_brand":[],"product_cat":[23],"product_tag":[],"class_list":{"0":"post-340","1":"product","2":"type-product","3":"status-publish","4":"has-post-thumbnail","6":"product_cat-sin-categorizar","8":"first","9":"instock","10":"virtual","11":"sold-individually","12":"purchasable","13":"product-type-simple"},"_links":{"self":[{"href":"https:\/\/prueba23.orbidi.online\/en\/wp-json\/wp\/v2\/product\/340","targetHints":{"allow":["GET"]}}],"collection":[{"href":"https:\/\/prueba23.orbidi.online\/en\/wp-json\/wp\/v2\/product"}],"about":[{"href":"https:\/\/prueba23.orbidi.online\/en\/wp-json\/wp\/v2\/types\/product"}],"replies":[{"embeddable":true,"href":"https:\/\/prueba23.orbidi.online\/en\/wp-json\/wp\/v2\/comments?post=340"}],"wp:featuredmedia":[{"embeddable":true,"href":"https:\/\/prueba23.orbidi.online\/en\/wp-json\/wp\/v2\/media\/604"}],"wp:attachment":[{"href":"https:\/\/prueba23.orbidi.online\/en\/wp-json\/wp\/v2\/media?parent=340"}],"wp:term":[{"taxonomy":"product_brand","embeddable":true,"href":"https:\/\/prueba23.orbidi.online\/en\/wp-json\/wp\/v2\/product_brand?post=340"},{"taxonomy":"product_cat","embeddable":true,"href":"https:\/\/prueba23.orbidi.online\/en\/wp-json\/wp\/v2\/product_cat?post=340"},{"taxonomy":"product_tag","embeddable":true,"href":"https:\/\/prueba23.orbidi.online\/en\/wp-json\/wp\/v2\/product_tag?post=340"}],"curies":[{"name":"wp","href":"https:\/\/api.w.org\/{rel}","templated":true}]}}