{"id":342,"date":"2025-01-20T17:05:01","date_gmt":"2025-01-20T16:05:01","guid":{"rendered":"https:\/\/www.arreglarwp.com\/?post_type=product&#038;p=342"},"modified":"2025-03-18T15:56:42","modified_gmt":"2025-03-18T14:56:42","slug":"plan-anual","status":"publish","type":"product","link":"https:\/\/prueba23.orbidi.online\/en\/product\/plan-anual\/","title":{"rendered":"Plan Anual"},"content":{"rendered":"<p>Si buscas el cuidado m\u00e1s completo y econ\u00f3mico, este plan es tu mejor opci\u00f3n. Te permite disfrutar de soporte continuo, optimizaciones avanzadas y m\u00e1xima prioridad en la atenci\u00f3n durante todo un a\u00f1o. Incluye lo siguiente:Si buscas el cuidado m\u00e1s completo y econ\u00f3mico, este plan es tu mejor opci\u00f3n. Te permite disfrutar de soporte continuo, optimizaciones avanzadas y m\u00e1xima prioridad en la atenci\u00f3n durante todo un a\u00f1o. Incluye lo siguiente:<\/p>\n<ul>\n<li>Todo lo que incluye el plan trimestral, con optimizaci\u00f3n, informes y soporte t\u00e9cnico regular.<\/li>\n<li>Un descuento exclusivo que hace m\u00e1s rentable este plan a largo plazo.<\/li>\n<li>Soporte t\u00e9cnico premium, con mayor n\u00famero de horas y tiempos de respuesta m\u00e1s r\u00e1pidos para resolver problemas.<\/li>\n<li>An\u00e1lisis avanzado de seguridad, rendimiento y configuraci\u00f3n para implementar mejoras estrat\u00e9gicas en tu web.<\/li>\n<li>Consultor\u00eda personalizada con recomendaciones ajustadas a las necesidades de tu negocio para potenciar tu presencia online.<\/li>\n<\/ul>\n<p>Este plan es ideal para empresas consolidadas, negocios con alta dependencia de su web o clientes que desean tranquilidad total durante todo un a\u00f1o.<\/p>","protected":false},"excerpt":{"rendered":"<div class=\"elementor elementor-213\" data-elementor-type=\"wp-page\" data-elementor-id=\"213\" data-elementor-post-type=\"page\">\n<div class=\"elementor-element elementor-element-26d25df e-flex e-con-boxed e-con e-parent e-lazyloaded\" data-id=\"26d25df\" data-element_type=\"container\">\n<div class=\"e-con-inner\">\n<div class=\"elementor-element elementor-element-035b5bf e-con-full e-flex e-con e-child\" data-id=\"035b5bf\" data-element_type=\"container\" data-settings=\"{&quot;background_background&quot;:&quot;classic&quot;}\">\n<div class=\"elementor-element elementor-element-341b51f elementor-widget elementor-widget-text-editor\" data-id=\"341b51f\" data-element_type=\"widget\" data-widget_type=\"text-editor.default\">\n<div class=\"elementor-widget-container\">\n<div class=\"elementor elementor-213\" data-elementor-type=\"wp-page\" data-elementor-id=\"213\" data-elementor-post-type=\"page\">\n<div class=\"elementor-element elementor-element-26d25df e-flex e-con-boxed e-con e-parent e-lazyloaded\" data-id=\"26d25df\" data-element_type=\"container\">\n<div class=\"e-con-inner\">\n<div class=\"elementor-element elementor-element-035b5bf e-con-full e-flex e-con e-child\" data-id=\"035b5bf\" data-element_type=\"container\" data-settings=\"{&quot;background_background&quot;:&quot;classic&quot;}\">\n<div class=\"elementor-element elementor-element-341b51f elementor-widget elementor-widget-text-editor\" data-id=\"341b51f\" data-element_type=\"widget\" data-widget_type=\"text-editor.default\">\n<div class=\"elementor-widget-container\">\n<p>Si buscas el cuidado m\u00e1s completo y econ\u00f3mico, este plan es tu mejor opci\u00f3n. Te permite disfrutar de soporte continuo, optimizaciones avanzadas y m\u00e1xima prioridad en la atenci\u00f3n durante todo un a\u00f1o. Incluye lo siguiente:Si buscas el cuidado m\u00e1s completo y econ\u00f3mico, este plan es tu mejor opci\u00f3n. Te permite disfrutar de soporte continuo, optimizaciones avanzadas y m\u00e1xima prioridad en la atenci\u00f3n durante todo un a\u00f1o. Incluye lo siguiente: <!-- wp:list --><\/p>\n<ul class=\"wp-block-list\">\n<li style=\"list-style-type: none;\">\n<ul class=\"wp-block-list\"><!-- wp:list-item --><\/p>\n<li>Todo lo que incluye el plan trimestral, con optimizaci\u00f3n, informes y soporte t\u00e9cnico regular.<\/li>\n<\/ul>\n<\/li>\n<\/ul>\n<p><!-- \/wp:list-item --><\/p>\n<p><!-- wp:list-item --><\/p>\n<ul class=\"wp-block-list\">\n<li style=\"list-style-type: none;\">\n<ul class=\"wp-block-list\">\n<li>Un descuento exclusivo que hace m\u00e1s rentable este plan a largo plazo.<\/li>\n<\/ul>\n<\/li>\n<\/ul>\n<p><!-- \/wp:list-item --><\/p>\n<p><!-- wp:list-item --><\/p>\n<ul class=\"wp-block-list\">\n<li style=\"list-style-type: none;\">\n<ul class=\"wp-block-list\">\n<li>Soporte t\u00e9cnico premium, con mayor n\u00famero de horas y tiempos de respuesta m\u00e1s r\u00e1pidos para resolver problemas.<\/li>\n<\/ul>\n<\/li>\n<\/ul>\n<p><!-- \/wp:list-item --><\/p>\n<p><!-- wp:list-item --><\/p>\n<ul class=\"wp-block-list\">\n<li style=\"list-style-type: none;\">\n<ul class=\"wp-block-list\">\n<li>An\u00e1lisis avanzado de seguridad, rendimiento y configuraci\u00f3n para implementar mejoras estrat\u00e9gicas en tu web.<\/li>\n<\/ul>\n<\/li>\n<\/ul>\n<p><!-- \/wp:list-item --><\/p>\n<p><!-- wp:list-item --><\/p>\n<ul class=\"wp-block-list\">\n<li style=\"list-style-type: none;\">\n<ul class=\"wp-block-list\">\n<li>Consultor\u00eda personalizada con recomendaciones ajustadas a las necesidades de tu negocio para potenciar tu presencia online.<\/li>\n<\/ul>\n<\/li>\n<\/ul>\n<p><!-- \/wp:list-item --><\/p>\n<p><!-- \/wp:list --><\/p>\n<p><!-- wp:paragraph --> Este plan es ideal para empresas consolidadas, negocios con alta dependencia de su web o clientes que desean tranquilidad total durante todo un a\u00f1o. <!-- \/wp:paragraph --><\/p>\n<\/div>\n<\/div>\n<\/div>\n<\/div>\n<\/div>\n<\/div>\n<\/div>\n<\/div>\n<\/div>\n<\/div>\n<\/div>\n<\/div>","protected":false},"featured_media":520,"comment_status":"open","ping_status":"closed","template":"","meta":{"wds_primary_product_brand":0,"wds_primary_product_cat":0},"product_brand":[],"product_cat":[23],"product_tag":[],"class_list":{"0":"post-342","1":"product","2":"type-product","3":"status-publish","4":"has-post-thumbnail","6":"product_cat-sin-categorizar","8":"first","9":"instock","10":"virtual","11":"sold-individually","12":"purchasable","13":"product-type-simple"},"_links":{"self":[{"href":"https:\/\/prueba23.orbidi.online\/en\/wp-json\/wp\/v2\/product\/342","targetHints":{"allow":["GET"]}}],"collection":[{"href":"https:\/\/prueba23.orbidi.online\/en\/wp-json\/wp\/v2\/product"}],"about":[{"href":"https:\/\/prueba23.orbidi.online\/en\/wp-json\/wp\/v2\/types\/product"}],"replies":[{"embeddable":true,"href":"https:\/\/prueba23.orbidi.online\/en\/wp-json\/wp\/v2\/comments?post=342"}],"wp:featuredmedia":[{"embeddable":true,"href":"https:\/\/prueba23.orbidi.online\/en\/wp-json\/wp\/v2\/media\/520"}],"wp:attachment":[{"href":"https:\/\/prueba23.orbidi.online\/en\/wp-json\/wp\/v2\/media?parent=342"}],"wp:term":[{"taxonomy":"product_brand","embeddable":true,"href":"https:\/\/prueba23.orbidi.online\/en\/wp-json\/wp\/v2\/product_brand?post=342"},{"taxonomy":"product_cat","embeddable":true,"href":"https:\/\/prueba23.orbidi.online\/en\/wp-json\/wp\/v2\/product_cat?post=342"},{"taxonomy":"product_tag","embeddable":true,"href":"https:\/\/prueba23.orbidi.online\/en\/wp-json\/wp\/v2\/product_tag?post=342"}],"curies":[{"name":"wp","href":"https:\/\/api.w.org\/{rel}","templated":true}]}}